{"id":40,"date":"2019-07-26T01:50:37","date_gmt":"2019-07-26T01:50:37","guid":{"rendered":"https:\/\/dev.dafabetamerica.com\/ar\/?page_id=8"},"modified":"2019-08-23T10:08:02","modified_gmt":"2019-08-23T10:08:02","slug":"blog","status":"publish","type":"page","link":"https:\/\/dafabetamerica.com\/ar\/blog\/","title":{"rendered":"Blogs"},"content":{"rendered":"","protected":false},"excerpt":{"rendered":"","protected":false},"author":3,"featured_media":0,"parent":0,"menu_order":0,"comment_status":"closed","ping_status":"closed","template":"page-blog.php","meta":{"_acf_changed":false,"footnotes":""},"class_list":["post-40","page","type-page","status-publish","hentry"],"acf":[],"yoast_head":"<!-- This site is optimized with the Yoast SEO plugin v27.3 - https:\/\/yoast.com\/product\/yoast-seo-wordpress\/ -->\n<title>\u00a1No te perd\u00e1s los \u00faltimos editoriales de deportes en Dafabet Latinoam\u00e9rica!<\/title>\n<meta name=\"description\" content=\"\u00a1Dafabet Latinoam\u00e9rica te da una amplia gama de editoriales deportivos para mantenerte actualizado sobre los \u00faltimos acontecimientos en el mundo del deporte!\" \/>\n<meta name=\"robots\" content=\"index, follow, max-snippet:-1, max-image-preview:large, max-video-preview:-1\" \/>\n<link rel=\"canonical\" href=\"https:\/\/dafabetamerica.com\/ar\/blog\/\" \/>\n<meta property=\"og:locale\" content=\"en_US\" \/>\n<meta property=\"og:type\" content=\"article\" \/>\n<meta property=\"og:title\" content=\"\u00a1No te perd\u00e1s los \u00faltimos editoriales de deportes en Dafabet Latinoam\u00e9rica!\" \/>\n<meta property=\"og:description\" content=\"\u00a1Dafabet Latinoam\u00e9rica te da una amplia gama de editoriales deportivos para mantenerte actualizado sobre los \u00faltimos acontecimientos en el mundo del deporte!\" \/>\n<meta property=\"og:url\" content=\"https:\/\/dafabetamerica.com\/ar\/blog\/\" \/>\n<meta property=\"og:site_name\" content=\"Dafabet America\" \/>\n<meta property=\"article:modified_time\" content=\"2019-08-23T10:08:02+00:00\" \/>\n<meta name=\"twitter:card\" content=\"summary_large_image\" \/>\n<script type=\"application\/ld+json\" class=\"yoast-schema-graph\">{\"@context\":\"https:\\\/\\\/schema.org\",\"@graph\":[{\"@type\":\"WebPage\",\"@id\":\"https:\\\/\\\/dafabetamerica.com\\\/ar\\\/blog\\\/\",\"url\":\"https:\\\/\\\/dafabetamerica.com\\\/ar\\\/blog\\\/\",\"name\":\"\u00a1No te perd\u00e1s los \u00faltimos editoriales de deportes en Dafabet Latinoam\u00e9rica!\",\"isPartOf\":{\"@id\":\"https:\\\/\\\/dafabetamerica.com\\\/ar\\\/#website\"},\"datePublished\":\"2019-07-26T01:50:37+00:00\",\"dateModified\":\"2019-08-23T10:08:02+00:00\",\"description\":\"\u00a1Dafabet Latinoam\u00e9rica te da una amplia gama de editoriales deportivos para mantenerte actualizado sobre los \u00faltimos acontecimientos en el mundo del deporte!\",\"breadcrumb\":{\"@id\":\"https:\\\/\\\/dafabetamerica.com\\\/ar\\\/blog\\\/#breadcrumb\"},\"inLanguage\":\"en-US\",\"potentialAction\":[{\"@type\":\"ReadAction\",\"target\":[\"https:\\\/\\\/dafabetamerica.com\\\/ar\\\/blog\\\/\"]}]},{\"@type\":\"BreadcrumbList\",\"@id\":\"https:\\\/\\\/dafabetamerica.com\\\/ar\\\/blog\\\/#breadcrumb\",\"itemListElement\":[{\"@type\":\"ListItem\",\"position\":1,\"name\":\"Home\",\"item\":\"https:\\\/\\\/dafabetamerica.com\\\/ar\\\/\"},{\"@type\":\"ListItem\",\"position\":2,\"name\":\"Blogs\"}]},{\"@type\":\"WebSite\",\"@id\":\"https:\\\/\\\/dafabetamerica.com\\\/ar\\\/#website\",\"url\":\"https:\\\/\\\/dafabetamerica.com\\\/ar\\\/\",\"name\":\"Dafabet America\",\"description\":\"\",\"potentialAction\":[{\"@type\":\"SearchAction\",\"target\":{\"@type\":\"EntryPoint\",\"urlTemplate\":\"https:\\\/\\\/dafabetamerica.com\\\/ar\\\/?s={search_term_string}\"},\"query-input\":{\"@type\":\"PropertyValueSpecification\",\"valueRequired\":true,\"valueName\":\"search_term_string\"}}],\"inLanguage\":\"en-US\"}]}<\/script>\n<!-- \/ Yoast SEO plugin. -->","yoast_head_json":{"title":"\u00a1No te perd\u00e1s los \u00faltimos editoriales de deportes en Dafabet Latinoam\u00e9rica!","description":"\u00a1Dafabet Latinoam\u00e9rica te da una amplia gama de editoriales deportivos para mantenerte actualizado sobre los \u00faltimos acontecimientos en el mundo del deporte!","robots":{"index":"index","follow":"follow","max-snippet":"max-snippet:-1","max-image-preview":"max-image-preview:large","max-video-preview":"max-video-preview:-1"},"canonical":"https:\/\/dafabetamerica.com\/ar\/blog\/","og_locale":"en_US","og_type":"article","og_title":"\u00a1No te perd\u00e1s los \u00faltimos editoriales de deportes en Dafabet Latinoam\u00e9rica!","og_description":"\u00a1Dafabet Latinoam\u00e9rica te da una amplia gama de editoriales deportivos para mantenerte actualizado sobre los \u00faltimos acontecimientos en el mundo del deporte!","og_url":"https:\/\/dafabetamerica.com\/ar\/blog\/","og_site_name":"Dafabet America","article_modified_time":"2019-08-23T10:08:02+00:00","twitter_card":"summary_large_image","schema":{"@context":"https:\/\/schema.org","@graph":[{"@type":"WebPage","@id":"https:\/\/dafabetamerica.com\/ar\/blog\/","url":"https:\/\/dafabetamerica.com\/ar\/blog\/","name":"\u00a1No te perd\u00e1s los \u00faltimos editoriales de deportes en Dafabet Latinoam\u00e9rica!","isPartOf":{"@id":"https:\/\/dafabetamerica.com\/ar\/#website"},"datePublished":"2019-07-26T01:50:37+00:00","dateModified":"2019-08-23T10:08:02+00:00","description":"\u00a1Dafabet Latinoam\u00e9rica te da una amplia gama de editoriales deportivos para mantenerte actualizado sobre los \u00faltimos acontecimientos en el mundo del deporte!","breadcrumb":{"@id":"https:\/\/dafabetamerica.com\/ar\/blog\/#breadcrumb"},"inLanguage":"en-US","potentialAction":[{"@type":"ReadAction","target":["https:\/\/dafabetamerica.com\/ar\/blog\/"]}]},{"@type":"BreadcrumbList","@id":"https:\/\/dafabetamerica.com\/ar\/blog\/#breadcrumb","itemListElement":[{"@type":"ListItem","position":1,"name":"Home","item":"https:\/\/dafabetamerica.com\/ar\/"},{"@type":"ListItem","position":2,"name":"Blogs"}]},{"@type":"WebSite","@id":"https:\/\/dafabetamerica.com\/ar\/#website","url":"https:\/\/dafabetamerica.com\/ar\/","name":"Dafabet America","description":"","potentialAction":[{"@type":"SearchAction","target":{"@type":"EntryPoint","urlTemplate":"https:\/\/dafabetamerica.com\/ar\/?s={search_term_string}"},"query-input":{"@type":"PropertyValueSpecification","valueRequired":true,"valueName":"search_term_string"}}],"inLanguage":"en-US"}]}},"_links":{"self":[{"href":"https:\/\/dafabetamerica.com\/ar\/wp-json\/wp\/v2\/pages\/40","targetHints":{"allow":["GET"]}}],"collection":[{"href":"https:\/\/dafabetamerica.com\/ar\/wp-json\/wp\/v2\/pages"}],"about":[{"href":"https:\/\/dafabetamerica.com\/ar\/wp-json\/wp\/v2\/types\/page"}],"author":[{"embeddable":true,"href":"https:\/\/dafabetamerica.com\/ar\/wp-json\/wp\/v2\/users\/3"}],"replies":[{"embeddable":true,"href":"https:\/\/dafabetamerica.com\/ar\/wp-json\/wp\/v2\/comments?post=40"}],"version-history":[{"count":1,"href":"https:\/\/dafabetamerica.com\/ar\/wp-json\/wp\/v2\/pages\/40\/revisions"}],"predecessor-version":[{"id":77,"href":"https:\/\/dafabetamerica.com\/ar\/wp-json\/wp\/v2\/pages\/40\/revisions\/77"}],"wp:attachment":[{"href":"https:\/\/dafabetamerica.com\/ar\/wp-json\/wp\/v2\/media?parent=40"}],"curies":[{"name":"wp","href":"https:\/\/api.w.org\/{rel}","templated":true}]}}